{"id":532,"date":"2011-02-15T10:44:18","date_gmt":"2011-02-15T08:44:18","guid":{"rendered":"http:\/\/www.choirbgam.by\/?page_id=532"},"modified":"2011-10-05T11:37:31","modified_gmt":"2011-10-05T09:37:31","slug":"history","status":"publish","type":"page","link":"https:\/\/www.choirbgam.by\/?page_id=532&lang=en","title":{"rendered":"History"},"content":{"rendered":"<p style=\"text-align: justify;\"><span style=\"color: #000080;\"><em><strong>THE STUDENT CHOIR of the BELARUS STATE ACADEMY of MUSIC (BSAM)<\/strong><\/em><br \/>\n<\/span><\/p>\n<p><span style=\"color: #000080;\">The Student Choir of the Belarus State Academy of Music (BSAM) was formed by the BSAM Department of Choral Conducting. The invariable head throughout 45 years (1962-2007) was the National artist of the USSR, professor<em> <\/em><strong><em>Victor ROVDO <\/em><\/strong>(1921-2007). For an operating time of professor Rovdo the Choir received the \u00abGran Prix\u00bb at the First International Competition of Music High Schools of the CIS and Europe (Kishinev, Republic of Moldova), three \u00abGold Diplomas\u00bb and the \u00abOscar\u00bb at the II International Choral Competition (Darmstadt, Germany), the \u00abGrand Prix\u00bb at the XVI International Festival of Church Music (Hajnovka, Poland), and the \u00abGrand Prix\u00bb at the \u00abMagutny Bozha\u00bb International Choral Festival (Mogilyov, Belarus).<\/span><\/p>\n<p><span style=\"color: #000080;\">Since 2008 the art director and the conductor of The Student Choir of the BSAM is <em><strong>Inessa BODYAKO<\/strong><\/em> (a class of the professor of V.Rovdo). She was a chorus master of the Academic chorus of National television and radio broadcasting company of Republic of Belarus, founder and conductor of Chamber chorus \u201cCantemus\u201d becoming the prize-winner of the international choral competitions in Italy (\u00a0Arezzo\u00a0,\u00a0Gorizia), Spain (Tolosa), \u00a0Poland\u00a0(Hajnowka),\u00a0Belarus\u00a0(\u00a0Minsk\u00a0). At two international competitions\u00a0Inessa\u00a0 has been recognised by &#8220;the best conductor&#8221;, in three &#8211;\u00a0choirs under\u00a0her management won the higher award &#8211; Gran-Prix of competition (Minsk, Gorizia, St-Peterburg). Inessa was the juror of republican and international competitions, gave master classes in Germany, France, was responsible for choral projects in Belarus including Open Conductor\u2019s competition named after V. Rovdo, Choral pages of the XX-th century, female chorus \u201cCharouniya lilei\u201d. From 1997 up to now she is a regent of the\u00a0 Orthodox Christmas church (Minsk).<\/span><\/p>\n<p><span style=\"color: #000080;\">Today under the direction of Inessy Bodyako, head of\u00a0Choral Conducting Chair (since 2011), the student\u2019s collective with well known conductors represents the project \u00abChoral pages of the XX-th century\u00bb in which frameworks concerts of modern Polish, Swiss and Bulgarian choral music have already taken place. Students of chorus constantly take part in master classes of leading representatives of foreign choral culture.<\/span><br \/>\n<span style=\"color: #000080;\"> To The Student Choir of the BSAM possesses the first performance in Belarus to G.Handel\u2019s oratorio \u00abIsrael in Egypt\u00bb. Thanks to Belarus-German cooperation, the student\u2019s chorus left time and again on tour to Germany in which frameworks the Mass c-moll W.A.Mozart (2006), D.Shostakovich\u2019s Thirteenth symphony (2008), G.Handel\u2019s oratorio \u00abIsrael in Egypt\u00bb (2009), Donizetti\u2019s opera \u00abAnna Bolena\u00bb (2009) and Verdi\u2019s \u00abIl Corsaro\u00bb (2011) has been performanced.<\/span><\/p>\n<p><span style=\"color: #000080;\">Among significant concert events of last time it is possible to note:<\/span><\/p>\n<ul>\n<li><span style=\"color: #000080;\">Performance of a choral concert of A.Kisselev \u00abRussian marriage \u00bb in the choreographic production, dedicated to V.Rovdo;<\/span><\/li>\n<li><span style=\"color: #000080;\">Concert \u00abThe Dear Maestro \u2026\u00bb within the limits of \u0425 the International Festival of Orthodox Church Chanting;<\/span><\/li>\n<li><span style=\"color: #000080;\">The first performance in Belarus of \u00abRequiem\u00bb by A.Schnittke;<\/span><\/li>\n<li><span style=\"color: #000080;\">Performance of a cantata by S.Prokof\u2019ev \u00abAlexander Nevsky\u00bb (together with choir and an orchestra of the Belarus Opera and Ballet Theatre);<\/span><\/li>\n<li><span style=\"color: #000080;\">Concert of choral music of modern Belarus composers where some pieces have received the first public representation.<\/span><\/li>\n<li><span style=\"color: #000080;\">Concert \u00abIn the Memory of Teacher \u00bb in the Philarmonic Concert Hall (Minsk)<\/span><\/li>\n<\/ul>\n<p>&nbsp;<\/p>\n<p><span style=\"color: #000080;\">The Student Choir repeatedly took part in the International Choral Student Forum \u00abPaparats kvetka\u00bb; in 2010 for remote participation in festival \u00abChorus Inside\u00bb the chorus is awarded by the special diploma \u201cFor the contribution to the aims of strengthening through Choral Music, the creating of Choral Friendly Relations and the World Choral Brotherhood\u201d. The female chorus \u00abMagic lilies\u00bb, created on the basis of The Student Choir of the BSAM, has successfully acted at VI International competition of choral collectives \u00abSinging world\u00bb named after J.A.Falik (Russia). In categories \u201cFemale choirs, Male choirs\u201d and \u201cChurch, religious and gospel music\u201d the collective has received diplomas of the Winner of II award, in a category \u201cModern music\u201d \u2013 the diploma of the Winner of I award, Gran Prix competition and a prize of the public affection.<\/span><\/p>\n<p><span style=\"color: #000080;\">The Student Choir took part in the international festivals HARMONIE FESTIVAL 2011 (Germany), where following awards have been given it: <strong>The gold certificate<\/strong> (Participated with outstanding success) in the category \u201cYouth Choirs\u201d; <strong>The gold certificate<\/strong> (Participated with outstanding success) in the category \u201cFemale Chamber Choirs\u201d; <strong>The gold certificate<\/strong> (Participated with outstanding success) in the category \u201cMixed Choirs\u201d.<\/span><\/p>\n<p><span style=\"color: #000080;\">The Student Choir of the BSAM takes active part in a cultural life of Belarus \u2013 acts at opening of various exhibitions, festivals and other cultural actions. In November, 2011 the Choir is going to performance pieces by F.Schubert, I.Brahms, M.Reger.<\/span><\/p>\n<p style=\"text-align: justify;\"><span style=\"color: #000080;\"><br \/>\n<\/span><\/p>\n<p><span style=\"color: #800080;\"><strong>IN DEUTCH<\/strong><br \/>\n<em><strong>DER STUDENTENCHOR der WEI\u00dfRUSSISCHEN STAATLICHEN MUSIKAKADEMIE<\/strong> <\/em>wurde an  dem Seminar f\u00fcr das Chordirigieren gegr\u00fcndet. Prof. <strong><em>Viktor Rowdo <\/em><\/strong>(1921-2007) leitete den Chor seit 45 Jahre (1962-2007). W\u00e4hrend dieser Zeit hat der Studentenchor an dem ersten Internationalen Musikwettbewerb f\u00fcr die Musikhochschulen von Gemeinschaft unabh\u00e4ngiger Staaten und Europe in Kischinjow (Moldau) einen \u201eGran Prix\u201c gewinnen. Ihm wurde auch drei \u201eGolddiplome\u201c und ein Oscar an der Zweiten Internationalen Chorwettbewerb in Darmstadt und ein \u201eGran Prix\u201c an dem 16. Internationalen Kirchenmusikfestival in Hajnowka (Polen) und Internationalem Festival \u201eMagutny Bozha\u201c in Mogilew (Wei\u00dfrussland) verliehen.<br \/>\n<strong><em>Inessa Bodyako<\/em> <\/strong>war die k\u00fcnstlerische Leiterin und Dirigentin von diesem Chor seit 2008 (Klasse von Prof. Wiktor Rowdo).<br \/>\nVon 1997 bis 2008 war Inessa Bodyako eine Chorleiterin in Wei\u00dfrussischer Nationalen Staatlichen Fernsehgesellschaft. In 2000 gr\u00fcndete und leitete sie die Chorgruppe \u00ab\u0421antemus\u00bb von 2000 bis 2006. Diese Chorgruppe hat viele Preise an verschiedenen Wettbewerben in Italien (Arezzo, Gorizia), Spanien (Tolosa), Polen (Hajnovka),  Ungarn (Debrecen), Wei\u00dfrussland (Minsk) gewonnen, hat an Wohlt\u00e4tigkeitskonzerten in Wei\u00dfrussland und auch im Ausland  teilgenommen.<br \/>\nAn zwei Internationalen Wettbewerben war sie als die \u201eBeste  Dirigentin\u201c annerkant, und dreimal haben die Choren unter ihrer Leitung den h\u00f6chsten Preis \u201eGran-Prix\u201c gewonnen. Inessa Bodyako wird immer eingeladen, an republikanischen und internationalen  Chorwettbewerben als Juri teilzunehmen; sie ist  die Initiatorin von vielen Chorprojekten. Seit 1998 ist sie eine Dirigentin in der Orthodoxkirche von Geburt Christi.<br \/>\nHeute unter Leitung von Inessa Bodyako legt der Studentenchor  ein Projekt \u201eDie Chorseiten des Zwanzigsten Jahrhunderts\u201c vor. Viele Konzerte der gegenw\u00e4rtigen polnischen, schweizerischen und bulgarischen Musik stattgefunden im Rahmen des Projekts. Die Studenten des Chors nehmen an den Vorbildsausf\u00fchrungen von der f\u00fchrenden  Sprachrohrs der Auslandschorkultur teil.<br \/>\nDer Studentenchor der Wei\u00dfrussischen Staatlichen Musikakademie hat das Oratorium von G. Gendel \u201eIsrael in \u00c4gypten\u201c als erster in Wei\u00dfrussland gesungen. Dank der wei\u00dfrussisch-deutschen Zusammenarbeit hat der Chor viele Gastspiele in Deutschland gegeben, im Rahmen von denen die Messe c-moll von Mozart (2006), \u201eDreizehnte Symphonie\u201c von Dmitrij Schostakovitsch (2008), Oratorium von G.Hendel \u201eIsrael in \u00c4gypten\u201c und die Oper von Donicetti \u201eAnna  Bolejn\u201c (2009) gespielt wurden.<br \/>\nDie letzten bedeutsamen Konzerte sind:<br \/>\n&#8211;\tdas Chorkonzert von \u0410. Kiselev \u00abRussische Hochzeit\u00bb in der choreographischen Inszenierung, W.W. Rowdo gewidmet;<br \/>\n&#8211;\tKonzert \u201eLieber Maestro\u2026\u201c im Rahmen des Zehnten internationalen Festivals von  orthodoxer  Ges\u00e4nge;<br \/>\n&#8211;\t\u201eDas Requiem\u201c von \u0410. Schnitke als erster in Wei\u00dfrussland;<br \/>\n&#8211;\tKantate \u201eAlexander Nevskij\u201c von S.Prokofjev  (zusammen mit dem Chor aus dem Gro\u00dfen Theater von Oper und Ballet in Wei\u00dfrussland);<br \/>\n&#8211;\tChorkonzert der gegenw\u00e4rtigen wei\u00dfrussischen Komponisten, in denen die Urauff\u00fchrung von einigen Werken stattgefunden hat.<br \/>\nDer Studentenchor  hat mehrmals an dem internationalen Chorfestival \u201ePaparat-Kvetka\u201c teilgenommen. In 2010 wurde dem Chor am Festival \u201eChorus Inside\u201c ein Sonderdiplom  f\u00fcr Fernbeteiligung verliehen. Frauenchor \u201eTscharounyja Lileji\u201c, gebildet auf der Grundlage von dem Studentenchor, hat erfolgreich an dem sechsten Internationalen Wettbewerb von Falik-Chor \u201ePojuschtscij Mir\u201c teilgenommen. In solchen Kategorien als \u201eGeistige Musik\u201c und \u201eGleichartige Ch\u00f6re\u201c wurde dem Chor ein Diplom als Laureat der Zweiten Pr\u00e4mie verleihen, in der Kategorie \u201eGegenw\u00e4rtige Musik\u201c wurde dem Chor ein Diplom als Laureat der Zweiten Pr\u00e4mie, auch ein \u201eGran Prix\u201c und andere Preise verliehen.<br \/>\nDer Studentenchor der Wei\u00dfrussischen Staatlicher Musikakademie nimmt am  kulturellen Geschehen von Wei\u00dfrussland teil \u2013 singt im Rahmen von verschiedenen Ausstellungseinweihungen, Festivals und anderer Kulturveranstaltungen. <\/span><\/p>\n","protected":false},"excerpt":{"rendered":"<p>THE STUDENT CHOIR of the BELARUS STATE ACADEMY of MUSIC (BSAM) The Student Choir of the Belarus State Academy of Music (BSAM) was formed by the BSAM Department of Choral Conducting. The invariable head throughout 45 years (1962-2007) was the National artist of the USSR, professor Victor ROVDO (1921-2007). For an operating time of professor [&hellip;]<\/p>\n","protected":false},"author":2,"featured_media":0,"parent":440,"menu_order":1,"comment_status":"open","ping_status":"open","template":"","meta":{"ngg_post_thumbnail":0},"zion_builder_status":false,"_links":{"self":[{"href":"https:\/\/www.choirbgam.by\/index.php?rest_route=\/wp\/v2\/pages\/532"}],"collection":[{"href":"https:\/\/www.choirbgam.by\/index.php?rest_route=\/wp\/v2\/pages"}],"about":[{"href":"https:\/\/www.choirbgam.by\/index.php?rest_route=\/wp\/v2\/types\/page"}],"author":[{"embeddable":true,"href":"https:\/\/www.choirbgam.by\/index.php?rest_route=\/wp\/v2\/users\/2"}],"replies":[{"embeddable":true,"href":"https:\/\/www.choirbgam.by\/index.php?rest_route=%2Fwp%2Fv2%2Fcomments&post=532"}],"version-history":[{"count":12,"href":"https:\/\/www.choirbgam.by\/index.php?rest_route=\/wp\/v2\/pages\/532\/revisions"}],"predecessor-version":[{"id":558,"href":"https:\/\/www.choirbgam.by\/index.php?rest_route=\/wp\/v2\/pages\/532\/revisions\/558"}],"up":[{"embeddable":true,"href":"https:\/\/www.choirbgam.by\/index.php?rest_route=\/wp\/v2\/pages\/440"}],"wp:attachment":[{"href":"https:\/\/www.choirbgam.by\/index.php?rest_route=%2Fwp%2Fv2%2Fmedia&parent=532"}],"curies":[{"name":"wp","href":"https:\/\/api.w.org\/{rel}","templated":true}]}}